{"id":1924,"date":"2024-06-13T08:39:52","date_gmt":"2024-06-13T08:39:52","guid":{"rendered":"https:\/\/themexriver.com\/wp\/kadu\/?page_id=1924"},"modified":"2025-07-19T04:23:09","modified_gmt":"2025-07-19T04:23:09","slug":"contact-us","status":"publish","type":"page","link":"https:\/\/alrawadacademy.com\/en\/contact-us\/","title":{"rendered":"Contact Us"},"content":{"rendered":"\t\t<div data-elementor-type=\"wp-page\" data-elementor-id=\"1924\" class=\"elementor elementor-1924\" data-elementor-post-type=\"page\">\n\t\t\t\t\t\t<section class=\"elementor-section elementor-top-section elementor-element elementor-element-c124d77 elementor-section-boxed elementor-section-height-default elementor-section-height-default\" data-id=\"c124d77\" data-element_type=\"section\">\n\t\t\t\t\t\t<div class=\"elementor-container elementor-column-gap-default\">\n\t\t\t\t\t<div class=\"elementor-column elementor-col-50 elementor-top-column elementor-element elementor-element-d452a87\" data-id=\"d452a87\" data-element_type=\"column\">\n\t\t\t<div class=\"elementor-widget-wrap elementor-element-populated\">\n\t\t\t\t\t\t<div class=\"elementor-element elementor-element-00ab0a1 elementor-widget elementor-widget-image\" data-id=\"00ab0a1\" data-element_type=\"widget\" data-widget_type=\"image.default\">\n\t\t\t\t\t\t\t\t\t\t\t\t\t\t\t<img fetchpriority=\"high\" decoding=\"async\" width=\"611\" height=\"642\" src=\"https:\/\/alrawadacademy.com\/wp-content\/uploads\/2024\/06\/contact-img-1.webp\" class=\"attachment-full size-full wp-image-1946\" alt=\"\" srcset=\"https:\/\/alrawadacademy.com\/wp-content\/uploads\/2024\/06\/contact-img-1.webp 611w, https:\/\/alrawadacademy.com\/wp-content\/uploads\/2024\/06\/contact-img-1-600x630.webp 600w, https:\/\/alrawadacademy.com\/wp-content\/uploads\/2024\/06\/contact-img-1-286x300.webp 286w\" sizes=\"(max-width: 611px) 100vw, 611px\" \/>\t\t\t\t\t\t\t\t\t\t\t\t\t\t\t<\/div>\n\t\t\t\t<div class=\"elementor-element elementor-element-ba5fa66 elementor-icon-list--layout-traditional elementor-list-item-link-full_width elementor-widget elementor-widget-icon-list\" data-id=\"ba5fa66\" data-element_type=\"widget\" data-widget_type=\"icon-list.default\">\n\t\t\t\t\t\t\t<ul class=\"elementor-icon-list-items\">\n\t\t\t\t\t\t\t<li class=\"elementor-icon-list-item\">\n\t\t\t\t\t\t\t\t\t\t\t<span class=\"elementor-icon-list-icon\">\n\t\t\t\t\t\t\t<i aria-hidden=\"true\" class=\"fas fa-map-marker-alt\"><\/i>\t\t\t\t\t\t<\/span>\n\t\t\t\t\t\t\t\t\t\t<span class=\"elementor-icon-list-text\">100. YIL MAHALLES\u0130 1010. <br>CADDE \u0130MPER\u0130AL S\u0130TES\u0130 B BLOK NO: 22B\/37 <br>MERKEZ \/ KARAB\u00dcK \/ T\u00dcRK\u0130YE  <\/span>\n\t\t\t\t\t\t\t\t\t<\/li>\n\t\t\t\t\t\t\t\t<li class=\"elementor-icon-list-item\">\n\t\t\t\t\t\t\t\t\t\t\t<a href=\"tel:00905545330406\">\n\n\t\t\t\t\t\t\t\t\t\t\t\t<span class=\"elementor-icon-list-icon\">\n\t\t\t\t\t\t\t<i aria-hidden=\"true\" class=\"fas fa-phone-alt\"><\/i>\t\t\t\t\t\t<\/span>\n\t\t\t\t\t\t\t\t\t\t<span class=\"elementor-icon-list-text\">0090 554 533 04 06<\/span>\n\t\t\t\t\t\t\t\t\t\t\t<\/a>\n\t\t\t\t\t\t\t\t\t<\/li>\n\t\t\t\t\t\t\t\t<li class=\"elementor-icon-list-item\">\n\t\t\t\t\t\t\t\t\t\t\t<a href=\"mailto:info@alravvadacademy.com\">\n\n\t\t\t\t\t\t\t\t\t\t\t\t<span class=\"elementor-icon-list-icon\">\n\t\t\t\t\t\t\t<i aria-hidden=\"true\" class=\"far fa-envelope-open\"><\/i>\t\t\t\t\t\t<\/span>\n\t\t\t\t\t\t\t\t\t\t<span class=\"elementor-icon-list-text\">info@alravvadacademy.com<\/span>\n\t\t\t\t\t\t\t\t\t\t\t<\/a>\n\t\t\t\t\t\t\t\t\t<\/li>\n\t\t\t\t\t\t<\/ul>\n\t\t\t\t\t\t<\/div>\n\t\t\t\t<div class=\"elementor-element elementor-element-9f76f93 elementor-widget__width-auto elementor-absolute elementor-widget elementor-widget-image\" data-id=\"9f76f93\" data-element_type=\"widget\" data-settings=\"{&quot;_position&quot;:&quot;absolute&quot;}\" data-widget_type=\"image.default\">\n\t\t\t\t\t\t\t\t\t\t\t\t\t\t\t<img decoding=\"async\" width=\"248\" height=\"263\" src=\"https:\/\/alrawadacademy.com\/wp-content\/uploads\/2024\/06\/contact-il-1.webp\" class=\"attachment-large size-large wp-image-1945\" alt=\"\" \/>\t\t\t\t\t\t\t\t\t\t\t\t\t\t\t<\/div>\n\t\t\t\t\t<\/div>\n\t\t<\/div>\n\t\t\t\t<div class=\"elementor-column elementor-col-50 elementor-top-column elementor-element elementor-element-8234f18\" data-id=\"8234f18\" data-element_type=\"column\">\n\t\t\t<div class=\"elementor-widget-wrap elementor-element-populated\">\n\t\t\t\t\t\t<div class=\"elementor-element elementor-element-45679de elementor-widget elementor-widget-go-s-heading\" data-id=\"45679de\" data-element_type=\"widget\" data-widget_type=\"go-s-heading.default\">\n\t\t\t\t<div class=\"elementor-widget-container\">\n\t\t\t\t\t<div class=\"prthalign\">\n            <h6 class=\"kd-subtitle-1 kd-subtitle-ani-1 elementor-kadu-sub\">\n              \n            contact us        <\/h6>\n        <h1 class=\"elementor-gt-heading kd-section-title-1 kd-title-ani kd-split-text\">Get In Touch<\/h1>        <div class=\"elementor-gt-desc kd-para-1 disc wow\" data-splitting>\n        <p>Fill the form below so we can get to know you and your needs better.<\/p>    <\/div>        \n    <\/div>\t\t\t\t<\/div>\n\t\t\t\t<\/div>\n\t\t\t\t<div class=\"elementor-element elementor-element-364aea6 elementor-button-align-stretch elementor-widget elementor-widget-form\" data-id=\"364aea6\" data-element_type=\"widget\" data-settings=\"{&quot;step_next_label&quot;:&quot;Next&quot;,&quot;step_previous_label&quot;:&quot;Previous&quot;,&quot;button_width&quot;:&quot;100&quot;,&quot;step_type&quot;:&quot;number_text&quot;,&quot;step_icon_shape&quot;:&quot;circle&quot;}\" data-widget_type=\"form.default\">\n\t\t\t\t\t\t\t<form class=\"elementor-form\" method=\"post\" name=\"Contact Us\" aria-label=\"Contact Us\">\n\t\t\t<input type=\"hidden\" name=\"post_id\" value=\"1924\"\/>\n\t\t\t<input type=\"hidden\" name=\"form_id\" value=\"364aea6\"\/>\n\t\t\t<input type=\"hidden\" name=\"referer_title\" value=\"Contact Us - alrawadacademy.com\" \/>\n\n\t\t\t\t\t\t\t<input type=\"hidden\" name=\"queried_id\" value=\"1924\"\/>\n\t\t\t\n\t\t\t<div class=\"elementor-form-fields-wrapper elementor-labels-\">\n\t\t\t\t\t\t\t\t<div class=\"elementor-field-type-text elementor-field-group elementor-column elementor-field-group-name elementor-col-50\">\n\t\t\t\t\t\t\t\t\t\t\t\t<label for=\"form-field-name\" class=\"elementor-field-label elementor-screen-only\">\n\t\t\t\t\t\t\t\tName\t\t\t\t\t\t\t<\/label>\n\t\t\t\t\t\t\t\t\t\t\t\t\t\t<input size=\"1\" type=\"text\" name=\"form_fields[name]\" id=\"form-field-name\" class=\"elementor-field elementor-size-md  elementor-field-textual\" placeholder=\"Name\">\n\t\t\t\t\t\t\t\t\t\t\t<\/div>\n\t\t\t\t\t\t\t\t<div class=\"elementor-field-type-tel elementor-field-group elementor-column elementor-field-group-field_f941c55 elementor-col-50\">\n\t\t\t\t\t\t\t\t\t\t\t\t<label for=\"form-field-field_f941c55\" class=\"elementor-field-label elementor-screen-only\">\n\t\t\t\t\t\t\t\tPhone\t\t\t\t\t\t\t<\/label>\n\t\t\t\t\t\t\t\t<input size=\"1\" type=\"tel\" name=\"form_fields[field_f941c55]\" id=\"form-field-field_f941c55\" class=\"elementor-field elementor-size-md  elementor-field-textual\" placeholder=\"Phone\" pattern=\"[0-9()#&amp;+*-=.]+\" title=\"Only numbers and phone characters (#, -, *, etc) are accepted.\">\n\n\t\t\t\t\t\t<\/div>\n\t\t\t\t\t\t\t\t<div class=\"elementor-field-type-email elementor-field-group elementor-column elementor-field-group-email elementor-col-50 elementor-field-required\">\n\t\t\t\t\t\t\t\t\t\t\t\t<label for=\"form-field-email\" class=\"elementor-field-label elementor-screen-only\">\n\t\t\t\t\t\t\t\tEmail\t\t\t\t\t\t\t<\/label>\n\t\t\t\t\t\t\t\t\t\t\t\t\t\t<input size=\"1\" type=\"email\" name=\"form_fields[email]\" id=\"form-field-email\" class=\"elementor-field elementor-size-md  elementor-field-textual\" placeholder=\"Email\" required=\"required\">\n\t\t\t\t\t\t\t\t\t\t\t<\/div>\n\t\t\t\t\t\t\t\t<div class=\"elementor-field-type-text elementor-field-group elementor-column elementor-field-group-field_7600d6e elementor-col-50\">\n\t\t\t\t\t\t\t\t\t\t\t\t<label for=\"form-field-field_7600d6e\" class=\"elementor-field-label elementor-screen-only\">\n\t\t\t\t\t\t\t\tCity\t\t\t\t\t\t\t<\/label>\n\t\t\t\t\t\t\t\t\t\t\t\t\t\t<input size=\"1\" type=\"text\" name=\"form_fields[field_7600d6e]\" id=\"form-field-field_7600d6e\" class=\"elementor-field elementor-size-md  elementor-field-textual\" placeholder=\"City\">\n\t\t\t\t\t\t\t\t\t\t\t<\/div>\n\t\t\t\t\t\t\t\t<div class=\"elementor-field-type-textarea elementor-field-group elementor-column elementor-field-group-message elementor-col-100\">\n\t\t\t\t\t\t\t\t\t\t\t\t<label for=\"form-field-message\" class=\"elementor-field-label elementor-screen-only\">\n\t\t\t\t\t\t\t\tMessage\t\t\t\t\t\t\t<\/label>\n\t\t\t\t\t\t<textarea class=\"elementor-field-textual elementor-field  elementor-size-md\" name=\"form_fields[message]\" id=\"form-field-message\" rows=\"8\" placeholder=\"Type Message\"><\/textarea>\t\t\t\t<\/div>\n\t\t\t\t\t\t\t\t<div class=\"elementor-field-type-recaptcha_v3 elementor-field-group elementor-column elementor-field-group-field_878d0c8 elementor-col-100 recaptcha_v3-bottomleft\">\n\t\t\t\t\t<div class=\"elementor-field\" id=\"form-field-field_878d0c8\"><div class=\"elementor-g-recaptcha\" data-sitekey=\"6LeHuK4qAAAAABWwepGgymn1U2e9MKW13tV-G4ji\" data-type=\"v3\" data-action=\"Form\" data-badge=\"bottomleft\" data-size=\"invisible\"><\/div><\/div>\t\t\t\t<\/div>\n\t\t\t\t\t\t\t\t<div class=\"elementor-field-group elementor-column elementor-field-type-submit elementor-col-100 e-form__buttons\">\n\t\t\t\t\t<button class=\"elementor-button elementor-size-sm\" type=\"submit\">\n\t\t\t\t\t\t<span class=\"elementor-button-content-wrapper\">\n\t\t\t\t\t\t\t\t\t\t\t\t\t\t\t<span class=\"elementor-button-icon\">\n\t\t\t\t\t\t\t\t\t<i aria-hidden=\"true\" class=\"far fa-arrow-alt-circle-right\"><\/i>\t\t\t\t\t\t\t\t\t\t\t\t\t\t\t\t\t<\/span>\n\t\t\t\t\t\t\t\t\t\t\t\t\t\t\t\t\t\t\t\t\t\t<span class=\"elementor-button-text\">Send Message<\/span>\n\t\t\t\t\t\t\t\t\t\t\t\t\t<\/span>\n\t\t\t\t\t<\/button>\n\t\t\t\t<\/div>\n\t\t\t<\/div>\n\t\t<\/form>\n\t\t\t\t\t\t<\/div>\n\t\t\t\t\t<\/div>\n\t\t<\/div>\n\t\t\t\t\t<\/div>\n\t\t<\/section>\n\t\t\t\t<section class=\"elementor-section elementor-top-section elementor-element elementor-element-75b3638 elementor-section-full_width elementor-section-height-default elementor-section-height-default\" data-id=\"75b3638\" data-element_type=\"section\">\n\t\t\t\t\t\t<div class=\"elementor-container elementor-column-gap-no\">\n\t\t\t\t\t<div class=\"elementor-column elementor-col-100 elementor-top-column elementor-element elementor-element-e7a9225\" data-id=\"e7a9225\" data-element_type=\"column\">\n\t\t\t<div class=\"elementor-widget-wrap elementor-element-populated\">\n\t\t\t\t\t\t<div class=\"elementor-element elementor-element-f2cb69a elementor-widget elementor-widget-html\" data-id=\"f2cb69a\" data-element_type=\"widget\" data-widget_type=\"html.default\">\n\t\t\t\t\t<iframe src=\"https:\/\/www.google.com\/maps\/embed?pb=!1m17!1m12!1m3!1d3001.0876158014275!2d32.6727778!3d41.219861099999996!2m3!1f0!2f0!3f0!3m2!1i1024!2i768!4f13.1!3m2!1m1!2zNDHCsDEzJzExLjUiTiAzMsKwNDAnMjIuMCJF!5e0!3m2!1sar!2seg!4v1724846000321!5m2!1sar!2seg\" width=\"600\" height=\"500\" style=\"border:0;\" allowfullscreen=\"\" loading=\"lazy\" referrerpolicy=\"no-referrer-when-downgrade\"><\/iframe>\t\t\t\t<\/div>\n\t\t\t\t\t<\/div>\n\t\t<\/div>\n\t\t\t\t\t<\/div>\n\t\t<\/section>\n\t\t\t\t<\/div>\n\t\t","protected":false},"excerpt":{"rendered":"<p>100. YIL MAHALLES\u0130 1010. CADDE \u0130MPER\u0130AL S\u0130TES\u0130 B BLOK NO: 22B\/37 MERKEZ \/ KARAB\u00dcK \/ T\u00dcRK\u0130YE 0090 554 533 04 06 info@alravvadacademy.com contact us Get In Touch Fill the form below so we can get to know you and your needs better.<\/p>\n","protected":false},"author":1,"featured_media":0,"parent":0,"menu_order":0,"comment_status":"closed","ping_status":"closed","template":"elementor_header_footer","meta":{"_joinchat":[],"footnotes":""},"class_list":["post-1924","page","type-page","status-publish","hentry"],"yoast_head":"<!-- This site is optimized with the Yoast SEO plugin v26.6 - https:\/\/yoast.com\/wordpress\/plugins\/seo\/ -->\n<title>Contact Us - alrawadacademy.com<\/title>\n<meta name=\"robots\" content=\"index, follow, max-snippet:-1, max-image-preview:large, max-video-preview:-1\" \/>\n<link rel=\"canonical\" href=\"https:\/\/alrawadacademy.com\/en\/contact-us\/\" \/>\n<meta property=\"og:locale\" content=\"en_US\" \/>\n<meta property=\"og:type\" content=\"article\" \/>\n<meta property=\"og:title\" content=\"Contact Us - alrawadacademy.com\" \/>\n<meta property=\"og:description\" content=\"100. YIL MAHALLES\u0130 1010. CADDE \u0130MPER\u0130AL S\u0130TES\u0130 B BLOK NO: 22B\/37 MERKEZ \/ KARAB\u00dcK \/ T\u00dcRK\u0130YE 0090 554 533 04 06 info@alravvadacademy.com contact us Get In Touch Fill the form below so we can get to know you and your needs better.\" \/>\n<meta property=\"og:url\" content=\"https:\/\/alrawadacademy.com\/en\/contact-us\/\" \/>\n<meta property=\"og:site_name\" content=\"alrawadacademy.com\" \/>\n<meta property=\"article:publisher\" content=\"https:\/\/www.facebook.com\/AlrawadAcademy\" \/>\n<meta property=\"article:modified_time\" content=\"2025-07-19T04:23:09+00:00\" \/>\n<meta property=\"og:image\" content=\"https:\/\/alrawadacademy.com\/wp-content\/uploads\/2024\/06\/contact-img-1.webp\" \/>\n\t<meta property=\"og:image:width\" content=\"611\" \/>\n\t<meta property=\"og:image:height\" content=\"642\" \/>\n\t<meta property=\"og:image:type\" content=\"image\/webp\" \/>\n<meta name=\"twitter:card\" content=\"summary_large_image\" \/>\n<script type=\"application\/ld+json\" class=\"yoast-schema-graph\">{\"@context\":\"https:\/\/schema.org\",\"@graph\":[{\"@type\":\"WebPage\",\"@id\":\"https:\/\/alrawadacademy.com\/en\/contact-us\/\",\"url\":\"https:\/\/alrawadacademy.com\/en\/contact-us\/\",\"name\":\"Contact Us - alrawadacademy.com\",\"isPartOf\":{\"@id\":\"https:\/\/alrawadacademy.com\/en\/#website\"},\"primaryImageOfPage\":{\"@id\":\"https:\/\/alrawadacademy.com\/en\/contact-us\/#primaryimage\"},\"image\":{\"@id\":\"https:\/\/alrawadacademy.com\/en\/contact-us\/#primaryimage\"},\"thumbnailUrl\":\"https:\/\/alrawadacademy.com\/wp-content\/uploads\/2024\/06\/contact-img-1.webp\",\"datePublished\":\"2024-06-13T08:39:52+00:00\",\"dateModified\":\"2025-07-19T04:23:09+00:00\",\"breadcrumb\":{\"@id\":\"https:\/\/alrawadacademy.com\/en\/contact-us\/#breadcrumb\"},\"inLanguage\":\"en-US\",\"potentialAction\":[{\"@type\":\"ReadAction\",\"target\":[\"https:\/\/alrawadacademy.com\/en\/contact-us\/\"]}]},{\"@type\":\"ImageObject\",\"inLanguage\":\"en-US\",\"@id\":\"https:\/\/alrawadacademy.com\/en\/contact-us\/#primaryimage\",\"url\":\"https:\/\/alrawadacademy.com\/wp-content\/uploads\/2024\/06\/contact-img-1.webp\",\"contentUrl\":\"https:\/\/alrawadacademy.com\/wp-content\/uploads\/2024\/06\/contact-img-1.webp\"},{\"@type\":\"BreadcrumbList\",\"@id\":\"https:\/\/alrawadacademy.com\/en\/contact-us\/#breadcrumb\",\"itemListElement\":[{\"@type\":\"ListItem\",\"position\":1,\"name\":\"\u0627\u0644\u0631\u0626\u064a\u0633\u064a\u0629\",\"item\":\"https:\/\/alrawadacademy.com\/en\/\"},{\"@type\":\"ListItem\",\"position\":2,\"name\":\"Contact Us\"}]},{\"@type\":\"WebSite\",\"@id\":\"https:\/\/alrawadacademy.com\/en\/#website\",\"url\":\"https:\/\/alrawadacademy.com\/en\/\",\"name\":\"alrawadacademy.com\",\"description\":\"\",\"publisher\":{\"@id\":\"https:\/\/alrawadacademy.com\/en\/#organization\"},\"potentialAction\":[{\"@type\":\"SearchAction\",\"target\":{\"@type\":\"EntryPoint\",\"urlTemplate\":\"https:\/\/alrawadacademy.com\/en\/?s={search_term_string}\"},\"query-input\":{\"@type\":\"PropertyValueSpecification\",\"valueRequired\":true,\"valueName\":\"search_term_string\"}}],\"inLanguage\":\"en-US\"},{\"@type\":\"Organization\",\"@id\":\"https:\/\/alrawadacademy.com\/en\/#organization\",\"name\":\"alrawadacademy.com\",\"url\":\"https:\/\/alrawadacademy.com\/en\/\",\"logo\":{\"@type\":\"ImageObject\",\"inLanguage\":\"en-US\",\"@id\":\"https:\/\/alrawadacademy.com\/en\/#\/schema\/logo\/image\/\",\"url\":\"https:\/\/alrawadacademy.com\/wp-content\/uploads\/2025\/07\/\u0644\u0648\u063a\u0648-01.png\",\"contentUrl\":\"https:\/\/alrawadacademy.com\/wp-content\/uploads\/2025\/07\/\u0644\u0648\u063a\u0648-01.png\",\"width\":336,\"height\":151,\"caption\":\"alrawadacademy.com\"},\"image\":{\"@id\":\"https:\/\/alrawadacademy.com\/en\/#\/schema\/logo\/image\/\"},\"sameAs\":[\"https:\/\/www.facebook.com\/AlrawadAcademy\",\"https:\/\/www.instagram.com\/alrawadacademy\/\",\"https:\/\/www.tiktok.com\/@alrawadacademy\"]}]}<\/script>\n<!-- \/ Yoast SEO plugin. -->","yoast_head_json":{"title":"Contact Us - alrawadacademy.com","robots":{"index":"index","follow":"follow","max-snippet":"max-snippet:-1","max-image-preview":"max-image-preview:large","max-video-preview":"max-video-preview:-1"},"canonical":"https:\/\/alrawadacademy.com\/en\/contact-us\/","og_locale":"en_US","og_type":"article","og_title":"Contact Us - alrawadacademy.com","og_description":"100. YIL MAHALLES\u0130 1010. CADDE \u0130MPER\u0130AL S\u0130TES\u0130 B BLOK NO: 22B\/37 MERKEZ \/ KARAB\u00dcK \/ T\u00dcRK\u0130YE 0090 554 533 04 06 info@alravvadacademy.com contact us Get In Touch Fill the form below so we can get to know you and your needs better.","og_url":"https:\/\/alrawadacademy.com\/en\/contact-us\/","og_site_name":"alrawadacademy.com","article_publisher":"https:\/\/www.facebook.com\/AlrawadAcademy","article_modified_time":"2025-07-19T04:23:09+00:00","og_image":[{"width":611,"height":642,"url":"https:\/\/alrawadacademy.com\/wp-content\/uploads\/2024\/06\/contact-img-1.webp","type":"image\/webp"}],"twitter_card":"summary_large_image","schema":{"@context":"https:\/\/schema.org","@graph":[{"@type":"WebPage","@id":"https:\/\/alrawadacademy.com\/en\/contact-us\/","url":"https:\/\/alrawadacademy.com\/en\/contact-us\/","name":"Contact Us - alrawadacademy.com","isPartOf":{"@id":"https:\/\/alrawadacademy.com\/en\/#website"},"primaryImageOfPage":{"@id":"https:\/\/alrawadacademy.com\/en\/contact-us\/#primaryimage"},"image":{"@id":"https:\/\/alrawadacademy.com\/en\/contact-us\/#primaryimage"},"thumbnailUrl":"https:\/\/alrawadacademy.com\/wp-content\/uploads\/2024\/06\/contact-img-1.webp","datePublished":"2024-06-13T08:39:52+00:00","dateModified":"2025-07-19T04:23:09+00:00","breadcrumb":{"@id":"https:\/\/alrawadacademy.com\/en\/contact-us\/#breadcrumb"},"inLanguage":"en-US","potentialAction":[{"@type":"ReadAction","target":["https:\/\/alrawadacademy.com\/en\/contact-us\/"]}]},{"@type":"ImageObject","inLanguage":"en-US","@id":"https:\/\/alrawadacademy.com\/en\/contact-us\/#primaryimage","url":"https:\/\/alrawadacademy.com\/wp-content\/uploads\/2024\/06\/contact-img-1.webp","contentUrl":"https:\/\/alrawadacademy.com\/wp-content\/uploads\/2024\/06\/contact-img-1.webp"},{"@type":"BreadcrumbList","@id":"https:\/\/alrawadacademy.com\/en\/contact-us\/#breadcrumb","itemListElement":[{"@type":"ListItem","position":1,"name":"\u0627\u0644\u0631\u0626\u064a\u0633\u064a\u0629","item":"https:\/\/alrawadacademy.com\/en\/"},{"@type":"ListItem","position":2,"name":"Contact Us"}]},{"@type":"WebSite","@id":"https:\/\/alrawadacademy.com\/en\/#website","url":"https:\/\/alrawadacademy.com\/en\/","name":"alrawadacademy.com","description":"","publisher":{"@id":"https:\/\/alrawadacademy.com\/en\/#organization"},"potentialAction":[{"@type":"SearchAction","target":{"@type":"EntryPoint","urlTemplate":"https:\/\/alrawadacademy.com\/en\/?s={search_term_string}"},"query-input":{"@type":"PropertyValueSpecification","valueRequired":true,"valueName":"search_term_string"}}],"inLanguage":"en-US"},{"@type":"Organization","@id":"https:\/\/alrawadacademy.com\/en\/#organization","name":"alrawadacademy.com","url":"https:\/\/alrawadacademy.com\/en\/","logo":{"@type":"ImageObject","inLanguage":"en-US","@id":"https:\/\/alrawadacademy.com\/en\/#\/schema\/logo\/image\/","url":"https:\/\/alrawadacademy.com\/wp-content\/uploads\/2025\/07\/\u0644\u0648\u063a\u0648-01.png","contentUrl":"https:\/\/alrawadacademy.com\/wp-content\/uploads\/2025\/07\/\u0644\u0648\u063a\u0648-01.png","width":336,"height":151,"caption":"alrawadacademy.com"},"image":{"@id":"https:\/\/alrawadacademy.com\/en\/#\/schema\/logo\/image\/"},"sameAs":["https:\/\/www.facebook.com\/AlrawadAcademy","https:\/\/www.instagram.com\/alrawadacademy\/","https:\/\/www.tiktok.com\/@alrawadacademy"]}]}},"_links":{"self":[{"href":"https:\/\/alrawadacademy.com\/en\/wp-json\/wp\/v2\/pages\/1924","targetHints":{"allow":["GET"]}}],"collection":[{"href":"https:\/\/alrawadacademy.com\/en\/wp-json\/wp\/v2\/pages"}],"about":[{"href":"https:\/\/alrawadacademy.com\/en\/wp-json\/wp\/v2\/types\/page"}],"author":[{"embeddable":true,"href":"https:\/\/alrawadacademy.com\/en\/wp-json\/wp\/v2\/users\/1"}],"replies":[{"embeddable":true,"href":"https:\/\/alrawadacademy.com\/en\/wp-json\/wp\/v2\/comments?post=1924"}],"version-history":[{"count":76,"href":"https:\/\/alrawadacademy.com\/en\/wp-json\/wp\/v2\/pages\/1924\/revisions"}],"predecessor-version":[{"id":2917,"href":"https:\/\/alrawadacademy.com\/en\/wp-json\/wp\/v2\/pages\/1924\/revisions\/2917"}],"wp:attachment":[{"href":"https:\/\/alrawadacademy.com\/en\/wp-json\/wp\/v2\/media?parent=1924"}],"curies":[{"name":"wp","href":"https:\/\/api.w.org\/{rel}","templated":true}]}}